{"id":702,"date":"2019-04-19T17:01:29","date_gmt":"2019-04-19T15:01:29","guid":{"rendered":"http:\/\/localhost:7001\/?page_id=702"},"modified":"2025-09-17T16:00:24","modified_gmt":"2025-09-17T14:00:24","slug":"honoraires","status":"publish","type":"page","link":"https:\/\/carrio-avocat.fr\/?page_id=702","title":{"rendered":"Honoraires &#038; Devis"},"content":{"rendered":"\n<h2 class=\"wp-block-heading\">Honoraires &amp; Devis<\/h2>\n\n\n\n<p>\nLa\nloi du 31 d\u00e9cembre 1971 applicable en la mati\u00e8re dispose que\nl\u2019honoraire est librement fix\u00e9 entre l\u2019avocat et son&nbsp;client.<\/p>\n\n\n\n<p>\nL\u2019honoraire\ns\u2019\u00e9tablit notamment en fonction de la situation de fortune du\nclient, la difficult\u00e9 de l\u2019affaire, les frais expos\u00e9s par\nl\u2019avocat, la notori\u00e9t\u00e9 et les diligences de ce dernier.<\/p>\n\n\n\n<p>\nPlusieurs\nm\u00e9thodes de fixation des honoraires peuvent \u00eatre envisag\u00e9es en\nfonction du dossier et de sa complexit\u00e9 :<\/p>\n\n\n\n<ul class=\"wp-block-list\">\n<li><br><br>\tun<br>\thonoraire forfaitaire, pour les dossiers ne pr\u00e9sentant pas de<br>\tdifficult\u00e9 particuli\u00e8re<br>\t<\/li>\n\n\n\n<li><br><br>\tun<br>\thonoraire au temps pass\u00e9 en appliquant un taux horaire pr\u00e9d\u00e9fini,<br>\tpour les dossiers les plus complexes<br>\t<\/li>\n\n\n\n<li><br><br>\tun<br>\thonoraire de r\u00e9sultat, s\u2019ajoutant \u00e0 l\u2019honoraire fixe,\u00a0peut<br>\t\u00eatre \u00e9ventuellement convenu avec le client, lorsque le litige le<br>\tpermet<br><\/li>\n<\/ul>\n\n\n\n<p>\n<strong>La\nm\u00e9thode de calcul de l\u2019honoraire est fix\u00e9e d\u2019un commun accord\navec le client&nbsp;avant toute&nbsp;intervention.<\/strong><\/p>\n\n\n\n<p>\nMa\u00eetre\nPatricia CARRIO est aussi susceptible d\u2019intervenir au titre\nd\u2019une&nbsp;<strong>protection\njuridique&nbsp;<\/strong>ou\nde l\u2019<strong>aide\njuridictionnelle<\/strong>&nbsp;lorsque\nle client remplit les conditions d\u2019octroi.<\/p>\n\n\n\n<p>\nN\u2019h\u00e9sitez\npas \u00e0 contacter le Cabinet de Ma\u00eetre Patricia CARRIO pour tout\nrenseignement suppl\u00e9mentaire.<\/p>\n\n\n\n<hr class=\"wp-block-separator has-css-opacity\"\/>\n\n\n\n<h2 class=\"wp-block-heading\"><strong>Prendre rendez-vous en cabinet<\/strong><\/h2>\n\n\n\n<div class=\"wp-block-button\"><a class=\"wp-block-button__link wp-element-button\" href=\"https:\/\/consultation.avocat.fr\/consultation-cabinet\/forms.php?targetid=10042\">Consultation au cabinet ou par t\u00e9l\u00e9phone \u2192\u00a0<\/a><\/div>\n\n\n\n<hr class=\"wp-block-separator has-css-opacity\"\/>\n\n\n\n<h2 class=\"wp-block-heading\">Devis en Ligne Divorce<\/h2>\n\n\n\n<p>Nous vous proposons de remplir le formulaire suivant afin d&rsquo;obtenir un&nbsp;<strong>devis en ligne gratuit.<\/strong><\/p>\n\n\n\n<div class=\"wp-block-button\"><a class=\"wp-block-button__link wp-element-button\" href=\"\/?page_id=778\">Devis en ligne divorce&nbsp;&nbsp;\u2192&nbsp;<\/a><\/div>\n\n\n\n<p><strong>Pour des questions relatives aux autres procedures vous pouvez nous joindre par t\u00e9l\u00e9phone au <\/strong>06.58.90.58.05  ou <a href=\"mailto:contact@carrio-avocat.fr\">contact@carrio-avocat.fr<\/a><strong>.<\/strong><\/p>\n\n\n\n<hr class=\"wp-block-separator has-css-opacity\"\/>\n\n\n\n<h2 class=\"wp-block-heading\">Documents<\/h2>\n\n\n\n<p> <a href=\"https:\/\/www.carrio-avocat.fr\/wp-content\/uploads\/2019\/11\/cerfa_15626-01.pdf\">Formulaire&nbsp;de demande d\u2019aide juridictionnelle<\/a><\/p>\n\n\n\n<p> <a href=\"https:\/\/www.carrio-avocat.fr\/wp-content\/uploads\/2019\/11\/Demande-intervention-assureur.pdf\">Formulaire de demande d\u2019intervention aupr\u00e8s de l\u2019assureur&nbsp;protection juridique<\/a><\/p>\n\n\n\n<p> <a href=\"https:\/\/www.carrio-avocat.fr\/wp-content\/uploads\/2019\/11\/Notice-de-demande-daide-juridictionnelle.pdf\">Notice explicative pour remplir le dossier de demande d\u2019aide juridictionnelle<\/a><\/p>\n\n\n\n<p><a href=\"https:\/\/www.carrio-avocat.fr\/wp-content\/uploads\/2019\/11\/Bar%C3%A8me-AJ-2019.pdf\">Bar\u00e8me de l\u2019aide juridictionnelle<\/a><\/p>\n","protected":false},"excerpt":{"rendered":"<p>Honoraires &amp; Devis La loi du 31 d\u00e9cembre 1971 applicable en la mati\u00e8re dispose que l\u2019honoraire est librement fix\u00e9 entre l\u2019avocat et son&nbsp;client. L\u2019honoraire s\u2019\u00e9tablit notamment en fonction de la situation de fortune du client, la difficult\u00e9 de l\u2019affaire, les&#8230;<\/p>\n","protected":false},"author":1,"featured_media":0,"parent":0,"menu_order":0,"comment_status":"closed","ping_status":"closed","template":"","meta":{"footnotes":""},"class_list":["post-702","page","type-page","status-publish","hentry"],"_links":{"self":[{"href":"https:\/\/carrio-avocat.fr\/index.php?rest_route=\/wp\/v2\/pages\/702","targetHints":{"allow":["GET"]}}],"collection":[{"href":"https:\/\/carrio-avocat.fr\/index.php?rest_route=\/wp\/v2\/pages"}],"about":[{"href":"https:\/\/carrio-avocat.fr\/index.php?rest_route=\/wp\/v2\/types\/page"}],"author":[{"embeddable":true,"href":"https:\/\/carrio-avocat.fr\/index.php?rest_route=\/wp\/v2\/users\/1"}],"replies":[{"embeddable":true,"href":"https:\/\/carrio-avocat.fr\/index.php?rest_route=%2Fwp%2Fv2%2Fcomments&post=702"}],"version-history":[{"count":13,"href":"https:\/\/carrio-avocat.fr\/index.php?rest_route=\/wp\/v2\/pages\/702\/revisions"}],"predecessor-version":[{"id":7513,"href":"https:\/\/carrio-avocat.fr\/index.php?rest_route=\/wp\/v2\/pages\/702\/revisions\/7513"}],"wp:attachment":[{"href":"https:\/\/carrio-avocat.fr\/index.php?rest_route=%2Fwp%2Fv2%2Fmedia&parent=702"}],"curies":[{"name":"wp","href":"https:\/\/api.w.org\/{rel}","templated":true}]}}